{"id":3179,"date":"2020-10-13T11:00:25","date_gmt":"2020-10-13T04:00:25","guid":{"rendered":"https:\/\/aicotech.com.vn\/en\/?post_type=product&#038;p=3179"},"modified":"2020-10-13T11:09:15","modified_gmt":"2020-10-13T04:09:15","slug":"epoc12","status":"publish","type":"product","link":"https:\/\/aicotech.com.vn\/en\/product\/epoc12\/","title":{"rendered":"EPOC12"},"content":{"rendered":"<h3>B\u1ed9 truy\u1ec1n d\u1eabn t\u00edn hi\u1ec7u IP tr\u00ean c\u00e1p \u0111\u1ed3ng tr\u1ee5c k\u00e8m c\u1ea5p ngu\u1ed3n<\/h3>\n","protected":false},"excerpt":{"rendered":"<h3>Ethernet &amp; Power over Coaxial (EPOC)<\/h3>\n<ul>\n<li>Use coaxial cable transmit Ethernet signal max. up to 2km;<\/li>\n<li>Network delay &lt;1ms;<\/li>\n<li>Optional transmission medium, coaxial cable, power line or UTP cable;<\/li>\n<li>Meet single mode, link mode and star mode network at the same time;<\/li>\n<li>Loop circuit mode,<\/li>\n<li>Meet Standard:IEEE802.3 10BASE-T\uff0cIEEE802.3u 100BASE-TX;<\/li>\n<li>Excellent circut isolation protection, effectively improve product\u2019s lightning protection, ESD and anti-interference ability.<\/li>\n<\/ul>\n","protected":false},"featured_media":3180,"comment_status":"closed","ping_status":"closed","template":"","meta":[],"product_cat":[217,220,169,172,244],"product_tag":[],"_links":{"self":[{"href":"https:\/\/aicotech.com.vn\/en\/wp-json\/wp\/v2\/product\/3179"}],"collection":[{"href":"https:\/\/aicotech.com.vn\/en\/wp-json\/wp\/v2\/product"}],"about":[{"href":"https:\/\/aicotech.com.vn\/en\/wp-json\/wp\/v2\/types\/product"}],"replies":[{"embeddable":true,"href":"https:\/\/aicotech.com.vn\/en\/wp-json\/wp\/v2\/comments?post=3179"}],"wp:featuredmedia":[{"embeddable":true,"href":"https:\/\/aicotech.com.vn\/en\/wp-json\/wp\/v2\/media\/3180"}],"wp:attachment":[{"href":"https:\/\/aicotech.com.vn\/en\/wp-json\/wp\/v2\/media?parent=3179"}],"wp:term":[{"taxonomy":"product_cat","embeddable":true,"href":"https:\/\/aicotech.com.vn\/en\/wp-json\/wp\/v2\/product_cat?post=3179"},{"taxonomy":"product_tag","embeddable":true,"href":"https:\/\/aicotech.com.vn\/en\/wp-json\/wp\/v2\/product_tag?post=3179"}],"curies":[{"name":"wp","href":"https:\/\/api.w.org\/{rel}","templated":true}]}}