{"id":3177,"date":"2020-10-13T10:58:40","date_gmt":"2020-10-13T03:58:40","guid":{"rendered":"https:\/\/aicotech.com.vn\/en\/?post_type=product&#038;p=3177"},"modified":"2020-10-13T11:09:57","modified_gmt":"2020-10-13T04:09:57","slug":"eoc12","status":"publish","type":"product","link":"https:\/\/aicotech.com.vn\/en\/product\/eoc12\/","title":{"rendered":"EOC12"},"content":{"rendered":"<h3>B\u1ed9 truy\u1ec1n d\u1eabn t\u00edn hi\u1ec7u IP tr\u00ean c\u00e1p \u0111\u1ed3ng tr\u1ee5c (1.2km)<\/h3>\n","protected":false},"excerpt":{"rendered":"<h3>Ethernet over Coaxial (EOC) for ElevatorExtend IP camera signal over existing coaxial cable.<\/h3>\n<ul>\n<li>Long range transmission up to 1.2km via coaxial cable and 700m via CAT6.<\/li>\n<li>Support 10\/100 Base-T Full Duplex Ethernet.<\/li>\n<li>Easy Configuration with no IP or MAC addressing required.<\/li>\n<li>Built-In Surge Protection.<\/li>\n<li>(1 pair Tx\/Rx).<\/li>\n<\/ul>\n","protected":false},"featured_media":3178,"comment_status":"closed","ping_status":"closed","template":"","meta":[],"product_cat":[217,220,169,172,244],"product_tag":[],"_links":{"self":[{"href":"https:\/\/aicotech.com.vn\/en\/wp-json\/wp\/v2\/product\/3177"}],"collection":[{"href":"https:\/\/aicotech.com.vn\/en\/wp-json\/wp\/v2\/product"}],"about":[{"href":"https:\/\/aicotech.com.vn\/en\/wp-json\/wp\/v2\/types\/product"}],"replies":[{"embeddable":true,"href":"https:\/\/aicotech.com.vn\/en\/wp-json\/wp\/v2\/comments?post=3177"}],"wp:featuredmedia":[{"embeddable":true,"href":"https:\/\/aicotech.com.vn\/en\/wp-json\/wp\/v2\/media\/3178"}],"wp:attachment":[{"href":"https:\/\/aicotech.com.vn\/en\/wp-json\/wp\/v2\/media?parent=3177"}],"wp:term":[{"taxonomy":"product_cat","embeddable":true,"href":"https:\/\/aicotech.com.vn\/en\/wp-json\/wp\/v2\/product_cat?post=3177"},{"taxonomy":"product_tag","embeddable":true,"href":"https:\/\/aicotech.com.vn\/en\/wp-json\/wp\/v2\/product_tag?post=3177"}],"curies":[{"name":"wp","href":"https:\/\/api.w.org\/{rel}","templated":true}]}}