{"id":3102,"date":"2020-10-09T14:28:16","date_gmt":"2020-10-09T07:28:16","guid":{"rendered":"https:\/\/aicotech.com.vn\/en\/?post_type=product&#038;p=3102"},"modified":"2020-10-09T15:41:13","modified_gmt":"2020-10-09T08:41:13","slug":"iss232cir-2mp-32x","status":"publish","type":"product","link":"https:\/\/aicotech.com.vn\/en\/product\/iss232cir-2mp-32x\/","title":{"rendered":"ISS232CIR 2MP 32X"},"content":{"rendered":"<p>Camera IP PTZ th\u00f4ng minh 2MP, IR 150m,\u1ed1ng k\u00ednh zoom 32X, zoom k\u1ef9 thu\u1eadt s\u00f3 16X,t\u00edch h\u1ee3p t\u00ednh n\u0103ng theo d\u00f5i th\u00f4ng minh,c\u1ea3nh b\u00e1o th\u00f4ng minh, IP6<\/p>\n<p>&nbsp;<\/p>\n","protected":false},"excerpt":{"rendered":"<h3>PIXELab 2MP 32X Smart IR Speed Dome IPC<\/h3>\n<ul>\n<li>1\/2.8&#8243; Progressive Scan CMOS<\/li>\n<li>\u00a01920 x 1080, 60 fps<\/li>\n<li>\u00a0Ultra low-light 0.005 lux<\/li>\n<li>\u00a0H.265+\/H.265\/H.264+\/H.264<\/li>\n<li>\u00a032X Optical Zoom, 16X Digital Zoom<\/li>\n<li>\u00a0Max Pan Speed: 240\u00b0\/s; Max Tilt Speed: 200\u00b0\/s<\/li>\n<li>\u00a0True WDR<\/li>\n<li>\u00a0HLC \/ BLC \/ 3D DNR \/ Defog \/ EIS \/ Regional Exposure<\/li>\n<li>\u00a03D intelligent positioning function<\/li>\n<li>\u00a0Up to 150m IR distance<\/li>\n<li>\u00a0Hi-PoE \/ 24VAC power supply<\/li>\n<li>\u00a0Smart Tracking &amp; Smart Detection<\/li>\n<li>\u00a0IP66<\/li>\n<\/ul>\n","protected":false},"featured_media":3103,"comment_status":"closed","ping_status":"closed","template":"","meta":[],"product_cat":[217,220,169,170,191],"product_tag":[],"_links":{"self":[{"href":"https:\/\/aicotech.com.vn\/en\/wp-json\/wp\/v2\/product\/3102"}],"collection":[{"href":"https:\/\/aicotech.com.vn\/en\/wp-json\/wp\/v2\/product"}],"about":[{"href":"https:\/\/aicotech.com.vn\/en\/wp-json\/wp\/v2\/types\/product"}],"replies":[{"embeddable":true,"href":"https:\/\/aicotech.com.vn\/en\/wp-json\/wp\/v2\/comments?post=3102"}],"wp:featuredmedia":[{"embeddable":true,"href":"https:\/\/aicotech.com.vn\/en\/wp-json\/wp\/v2\/media\/3103"}],"wp:attachment":[{"href":"https:\/\/aicotech.com.vn\/en\/wp-json\/wp\/v2\/media?parent=3102"}],"wp:term":[{"taxonomy":"product_cat","embeddable":true,"href":"https:\/\/aicotech.com.vn\/en\/wp-json\/wp\/v2\/product_cat?post=3102"},{"taxonomy":"product_tag","embeddable":true,"href":"https:\/\/aicotech.com.vn\/en\/wp-json\/wp\/v2\/product_tag?post=3102"}],"curies":[{"name":"wp","href":"https:\/\/api.w.org\/{rel}","templated":true}]}}