{"id":2873,"date":"2020-09-29T09:20:16","date_gmt":"2020-09-29T02:20:16","guid":{"rendered":"https:\/\/aicotech.com.vn\/en\/?post_type=product&#038;p=2873"},"modified":"2020-10-15T14:42:06","modified_gmt":"2020-10-15T07:42:06","slug":"cr02mk-mifare-card-with-keypad","status":"publish","type":"product","link":"https:\/\/aicotech.com.vn\/en\/product\/cr02mk-mifare-card-with-keypad\/","title":{"rendered":"CR02MK Mifare Card with Keypad"},"content":{"rendered":"<h3>\u0110\u1ea7u \u0111\u1ecdc th\u1ebb Mifare k\u00e8m b\u00e0n ph\u00edm<\/h3>\n","protected":false},"excerpt":{"rendered":"<h3>PIXELab Mifare Card Reader with Keypad<\/h3>\n<ul>\n<li>Equipped with the 32-bit high-speed processor<\/li>\n<li>Built-in audible beeper<\/li>\n<li>Display the reader status with LED indicator<\/li>\n<li>DIP switch<\/li>\n<li>RS485 and Wiegand(W26\/W34) protocol<\/li>\n<li>Tamper-proof alarm<\/li>\n<li>Online upgrade function(under the 485 communication mode), and card reader can degrade to pre-upgrade status in case of upgrading failed<\/li>\n<li>Watchdog design for repairing itself in case that exception occurs, to ensure the long service life of the reader<\/li>\n<li>Dust-proof and water-proof design<\/li>\n<\/ul>\n","protected":false},"featured_media":3289,"comment_status":"closed","ping_status":"closed","template":"","meta":[],"product_cat":[217,220,189],"product_tag":[],"_links":{"self":[{"href":"https:\/\/aicotech.com.vn\/en\/wp-json\/wp\/v2\/product\/2873"}],"collection":[{"href":"https:\/\/aicotech.com.vn\/en\/wp-json\/wp\/v2\/product"}],"about":[{"href":"https:\/\/aicotech.com.vn\/en\/wp-json\/wp\/v2\/types\/product"}],"replies":[{"embeddable":true,"href":"https:\/\/aicotech.com.vn\/en\/wp-json\/wp\/v2\/comments?post=2873"}],"wp:featuredmedia":[{"embeddable":true,"href":"https:\/\/aicotech.com.vn\/en\/wp-json\/wp\/v2\/media\/3289"}],"wp:attachment":[{"href":"https:\/\/aicotech.com.vn\/en\/wp-json\/wp\/v2\/media?parent=2873"}],"wp:term":[{"taxonomy":"product_cat","embeddable":true,"href":"https:\/\/aicotech.com.vn\/en\/wp-json\/wp\/v2\/product_cat?post=2873"},{"taxonomy":"product_tag","embeddable":true,"href":"https:\/\/aicotech.com.vn\/en\/wp-json\/wp\/v2\/product_tag?post=2873"}],"curies":[{"name":"wp","href":"https:\/\/api.w.org\/{rel}","templated":true}]}}