{"id":2868,"date":"2020-09-28T16:11:21","date_gmt":"2020-09-28T09:11:21","guid":{"rendered":"https:\/\/aicotech.com.vn\/en\/?post_type=product&#038;p=2868"},"modified":"2020-10-15T14:27:44","modified_gmt":"2020-10-15T07:27:44","slug":"isco223-2mp-23x","status":"publish","type":"product","link":"https:\/\/aicotech.com.vn\/en\/product\/isco223-2mp-23x\/","title":{"rendered":"ISCO223 2MP 23X"},"content":{"rendered":"<h4>Camera IP PTZ ch\u1ed1ng \u0103n m\u00f2n 2MP, Zoom 23X, t\u00edch h\u1ee3p t\u00ednh n\u0103ng th\u00f4ng minh, IP67, IK10, NEMA 4X<\/h4>\n","protected":false},"excerpt":{"rendered":"<h3><strong>PIXELab 2MP Corrosion-Proof 23X Speed Dome IP Camera<\/strong><\/h3>\n<ul>\n<li>Ultra-low light technology (Color: 0.002 lux \/ F1.5, B\/W:0.0002 lux \/ F1.5),<\/li>\n<li>2MP,<\/li>\n<li>1\/1.9\u2019\u2019 CMOS sensor,<\/li>\n<li>316L stainless steel,<\/li>\n<li>120dB WDR,<\/li>\n<li>Pan range:360\u00b0 endless;<\/li>\n<li>Tilt range: -20\u00b0~90\u00b0(Auto Flip),<\/li>\n<li>Pan Speed: 0.1\u00b0~160\u00b0\/s,<\/li>\n<li>Tilt Speed: 0.1\u00b0~120\u00b0\/s,<\/li>\n<li>Optical zoom:23x,<\/li>\n<li>Focus:5.9-135.7 mm,<\/li>\n<li>Smart features,<\/li>\n<li>IK10,<\/li>\n<li>Hi-PoE&amp;24VAC,<\/li>\n<li>IP67,<\/li>\n<li>Anti-corrosion standard: C5-M,NEMA 4X.<\/li>\n<\/ul>\n","protected":false},"featured_media":3359,"comment_status":"closed","ping_status":"closed","template":"","meta":[],"product_cat":[217,220,169,170,193,237],"product_tag":[],"_links":{"self":[{"href":"https:\/\/aicotech.com.vn\/en\/wp-json\/wp\/v2\/product\/2868"}],"collection":[{"href":"https:\/\/aicotech.com.vn\/en\/wp-json\/wp\/v2\/product"}],"about":[{"href":"https:\/\/aicotech.com.vn\/en\/wp-json\/wp\/v2\/types\/product"}],"replies":[{"embeddable":true,"href":"https:\/\/aicotech.com.vn\/en\/wp-json\/wp\/v2\/comments?post=2868"}],"wp:featuredmedia":[{"embeddable":true,"href":"https:\/\/aicotech.com.vn\/en\/wp-json\/wp\/v2\/media\/3359"}],"wp:attachment":[{"href":"https:\/\/aicotech.com.vn\/en\/wp-json\/wp\/v2\/media?parent=2868"}],"wp:term":[{"taxonomy":"product_cat","embeddable":true,"href":"https:\/\/aicotech.com.vn\/en\/wp-json\/wp\/v2\/product_cat?post=2868"},{"taxonomy":"product_tag","embeddable":true,"href":"https:\/\/aicotech.com.vn\/en\/wp-json\/wp\/v2\/product_tag?post=2868"}],"curies":[{"name":"wp","href":"https:\/\/api.w.org\/{rel}","templated":true}]}}