{"id":2865,"date":"2020-09-28T15:56:38","date_gmt":"2020-09-28T08:56:38","guid":{"rendered":"https:\/\/aicotech.com.vn\/en\/?post_type=product&#038;p=2865"},"modified":"2020-10-15T14:25:41","modified_gmt":"2020-10-15T07:25:41","slug":"icw28w-2mp-af","status":"publish","type":"product","link":"https:\/\/aicotech.com.vn\/en\/product\/icw28w-2mp-af\/","title":{"rendered":"ICW28W 2MP IR80m"},"content":{"rendered":"<p>Camera IP ch\u1ed1ng \u0103n m\u00f2n 2MP, h\u1ed3ng ngo\u1ea1i 80m, \u1ed1ng k\u00ednh \u0111i\u1ec1u ch\u1ec9nh 2.8 &#8211; 12mm, t\u00edch h\u1ee3p t\u00ednh n\u0103ng th\u00f4ng minh, IP67, NEMA 4X<\/p>\n","protected":false},"excerpt":{"rendered":"<h3><strong>PIXELab 2MP Corrosion-Proof IR Motorised Varifocal Weatherproof Camera<\/strong><\/h3>\n<ul>\n<li>1\/1.8\u201d Progressive Scan CMOS;<\/li>\n<li>1920 \u00d7 1080 @ 60fps;<\/li>\n<li>2.8~12mm motorized lens and auto focus;<\/li>\n<li>H.265, H.265+, H.264, H.264+;<\/li>\n<li>Ultra-low light;<\/li>\n<li>120dB WDR;<\/li>\n<li>6 behavior analyses, 3 exception detections, and face detection;<\/li>\n<li>IR range: up to 80 m;<\/li>\n<li>316L stainless steel housing;<\/li>\n<li>Anti-corrosion standard: C5-M, NEMA 4X;<\/li>\n<li>IP67.<\/li>\n<\/ul>\n","protected":false},"featured_media":3358,"comment_status":"closed","ping_status":"closed","template":"","meta":[],"product_cat":[217,220,169,170,193,237],"product_tag":[],"_links":{"self":[{"href":"https:\/\/aicotech.com.vn\/en\/wp-json\/wp\/v2\/product\/2865"}],"collection":[{"href":"https:\/\/aicotech.com.vn\/en\/wp-json\/wp\/v2\/product"}],"about":[{"href":"https:\/\/aicotech.com.vn\/en\/wp-json\/wp\/v2\/types\/product"}],"replies":[{"embeddable":true,"href":"https:\/\/aicotech.com.vn\/en\/wp-json\/wp\/v2\/comments?post=2865"}],"wp:featuredmedia":[{"embeddable":true,"href":"https:\/\/aicotech.com.vn\/en\/wp-json\/wp\/v2\/media\/3358"}],"wp:attachment":[{"href":"https:\/\/aicotech.com.vn\/en\/wp-json\/wp\/v2\/media?parent=2865"}],"wp:term":[{"taxonomy":"product_cat","embeddable":true,"href":"https:\/\/aicotech.com.vn\/en\/wp-json\/wp\/v2\/product_cat?post=2865"},{"taxonomy":"product_tag","embeddable":true,"href":"https:\/\/aicotech.com.vn\/en\/wp-json\/wp\/v2\/product_tag?post=2865"}],"curies":[{"name":"wp","href":"https:\/\/api.w.org\/{rel}","templated":true}]}}