{"id":2864,"date":"2020-09-28T15:51:17","date_gmt":"2020-09-28T08:51:17","guid":{"rendered":"https:\/\/aicotech.com.vn\/en\/?post_type=product&#038;p=2864"},"modified":"2020-10-15T14:21:11","modified_gmt":"2020-10-15T07:21:11","slug":"icfd23wh-2mp","status":"publish","type":"product","link":"https:\/\/aicotech.com.vn\/en\/product\/icfd23wh-2mp\/","title":{"rendered":"ICFD23WH 2MP"},"content":{"rendered":"<h4>Camera IP b\u00e1n c\u1ea7u ch\u1ed1ng \u0103n m\u00f2n 2MP, h\u1ed3ng ngo\u1ea1i 30m, \u1ed1ng k\u00ednh \u0111i\u1ec1u ch\u1ec9nh 2.8 &#8211; 12mm, t\u00edch h\u1ee3p t\u00ednh n\u0103ng th\u00f4ng minh.<\/h4>\n","protected":false},"excerpt":{"rendered":"<h3><strong>PIXELab 2MP Corrosion-Proof Low Illumination IR Motorised Varifocal Dome Network Camera<\/strong><\/h3>\n<ul>\n<li>1\/1.8\u2033 Progressive Scan CMOS;<\/li>\n<li>0.002 lux (colour) \/ 0.0002 lux (B\/W);<\/li>\n<li>2.8 ~ 12 mm motorised varifocal lens;<\/li>\n<li>Operating\u00a0 Temp: -40 to 60 Celsius<\/li>\n<li>30m IR Illumination;<\/li>\n<li>1920 \u00d7 1080 up to 60 fps;<\/li>\n<li>120dB WDR;<\/li>\n<li>Stainless steel 316L;<\/li>\n<li>IP68;<\/li>\n<li>H.264\/MPEG4;<\/li>\n<li>Image enhancement: BLC, 3D DNR, HLC, defog,<\/li>\n<li>Smart Features: Line crossing detection,<\/li>\n<li>Intrusion detection,<\/li>\n<li>Region entrance,<\/li>\n<li>Region exiting,<\/li>\n<li>Unattended baggage,<\/li>\n<li>Object removal,<\/li>\n<li>Support on-board up to 128GB,<\/li>\n<li>PoE, 24Vac, 12Vdc,<\/li>\n<li>Corrosion Proof: WF-2, C5-M<\/li>\n<\/ul>\n","protected":false},"featured_media":3357,"comment_status":"closed","ping_status":"closed","template":"","meta":[],"product_cat":[217,220,169,170,193,237],"product_tag":[],"_links":{"self":[{"href":"https:\/\/aicotech.com.vn\/en\/wp-json\/wp\/v2\/product\/2864"}],"collection":[{"href":"https:\/\/aicotech.com.vn\/en\/wp-json\/wp\/v2\/product"}],"about":[{"href":"https:\/\/aicotech.com.vn\/en\/wp-json\/wp\/v2\/types\/product"}],"replies":[{"embeddable":true,"href":"https:\/\/aicotech.com.vn\/en\/wp-json\/wp\/v2\/comments?post=2864"}],"wp:featuredmedia":[{"embeddable":true,"href":"https:\/\/aicotech.com.vn\/en\/wp-json\/wp\/v2\/media\/3357"}],"wp:attachment":[{"href":"https:\/\/aicotech.com.vn\/en\/wp-json\/wp\/v2\/media?parent=2864"}],"wp:term":[{"taxonomy":"product_cat","embeddable":true,"href":"https:\/\/aicotech.com.vn\/en\/wp-json\/wp\/v2\/product_cat?post=2864"},{"taxonomy":"product_tag","embeddable":true,"href":"https:\/\/aicotech.com.vn\/en\/wp-json\/wp\/v2\/product_tag?post=2864"}],"curies":[{"name":"wp","href":"https:\/\/api.w.org\/{rel}","templated":true}]}}