{"id":2860,"date":"2020-09-28T15:35:21","date_gmt":"2020-09-28T08:35:21","guid":{"rendered":"https:\/\/aicotech.com.vn\/en\/?post_type=product&#038;p=2860"},"modified":"2020-10-15T14:13:20","modified_gmt":"2020-10-15T07:13:20","slug":"icvd21w","status":"publish","type":"product","link":"https:\/\/aicotech.com.vn\/en\/product\/icvd21w\/","title":{"rendered":"ICVD21W 2MP"},"content":{"rendered":"<h4>Camera IP b\u00e1n c\u1ea7u ch\u1ed1ng \u0103n m\u00f2n 2MP, h\u1ed3ng ngo\u1ea1i 20m, t\u00edch h\u1ee3p t\u00ednh n\u0103ng th\u00f4ng minh, IP67, NEMA 4X<\/h4>\n","protected":false},"excerpt":{"rendered":"<h3><strong>PIXELab 2MP Corrosion-Proof IR Fixed Dome Camera<\/strong><\/h3>\n<ul>\n<li>H.265+\/H.264+\/H.265\/H.264 Tri-Streams;<\/li>\n<li>2MP realtime resolution;<\/li>\n<li>IR range: 10 m<\/li>\n<li>Housing material: SUS 316L,<\/li>\n<li>Optional Support on-board storage,<\/li>\n<li>Up to 128GB\uff1b<\/li>\n<li>Audio\/Alarm IO, DC12V &amp; PoE,<\/li>\n<li>6 behavior analysis,<\/li>\n<li>2 exception detections,<\/li>\n<li>1 recognition;<\/li>\n<li>IP67<\/li>\n<li>VCA: Line crossing detection,<\/li>\n<li>Intrusion detection,<\/li>\n<li>Region entrance,<\/li>\n<li>Region exiting,<\/li>\n<li>Unattended baggage,<\/li>\n<li>Object removal<\/li>\n<li>Corrosion Proof: WF-2, NEMA 4X, C5-M<\/li>\n<\/ul>\n","protected":false},"featured_media":3354,"comment_status":"closed","ping_status":"closed","template":"","meta":[],"product_cat":[217,220,169,170,193,237],"product_tag":[],"_links":{"self":[{"href":"https:\/\/aicotech.com.vn\/en\/wp-json\/wp\/v2\/product\/2860"}],"collection":[{"href":"https:\/\/aicotech.com.vn\/en\/wp-json\/wp\/v2\/product"}],"about":[{"href":"https:\/\/aicotech.com.vn\/en\/wp-json\/wp\/v2\/types\/product"}],"replies":[{"embeddable":true,"href":"https:\/\/aicotech.com.vn\/en\/wp-json\/wp\/v2\/comments?post=2860"}],"wp:featuredmedia":[{"embeddable":true,"href":"https:\/\/aicotech.com.vn\/en\/wp-json\/wp\/v2\/media\/3354"}],"wp:attachment":[{"href":"https:\/\/aicotech.com.vn\/en\/wp-json\/wp\/v2\/media?parent=2860"}],"wp:term":[{"taxonomy":"product_cat","embeddable":true,"href":"https:\/\/aicotech.com.vn\/en\/wp-json\/wp\/v2\/product_cat?post=2860"},{"taxonomy":"product_tag","embeddable":true,"href":"https:\/\/aicotech.com.vn\/en\/wp-json\/wp\/v2\/product_tag?post=2860"}],"curies":[{"name":"wp","href":"https:\/\/api.w.org\/{rel}","templated":true}]}}