{"id":2847,"date":"2020-09-28T14:52:38","date_gmt":"2020-09-28T07:52:38","guid":{"rendered":"https:\/\/aicotech.com.vn\/en\/?post_type=product&#038;p=2847"},"modified":"2020-10-15T13:52:51","modified_gmt":"2020-10-15T06:52:51","slug":"iso223x-2mp-36x-304l","status":"publish","type":"product","link":"https:\/\/aicotech.com.vn\/en\/product\/iso223x-2mp-36x-304l\/","title":{"rendered":"ISO223X 2MP 36X 304L"},"content":{"rendered":"<h3>Camera IP PTZ ch\u1ed1ng ch\u00e1y n\u1ed5 2MP, Zoom 36x, v\u1ecf che ch\u1ed1ng \u0103n m\u00f2n th\u00e9p kh\u00f4ng g\u1ec9 304L, IP68<\/h3>\n","protected":false},"excerpt":{"rendered":"<h3><strong>PIXELab 2MP Explosion-Proof Network Speed Dome<\/strong><\/h3>\n<ul>\n<li>1\/1.9\u2019\u2019 progressive scan CMOS<\/li>\n<li>Ultra Low-Light 0.002 lux (colour) \/ 0.0002 (B\/W)<\/li>\n<li>Up to 1920 \u00d7 1080 resolution,23X Optical zoom<\/li>\n<li>H.265+, H.265, H.264+, H.264<\/li>\n<li>120dB WDR, 3D DNR, Hi-PoE &amp; 24Vac<\/li>\n<li>IP68<\/li>\n<li>304L stainless steel anti-corrosion materials design<\/li>\n<li>Explosion-Proof Certificate No.:T\u00dc V 16 ATEX 7950X, IECEx TUR 16.0050X<\/li>\n<\/ul>\n","protected":false},"featured_media":3342,"comment_status":"closed","ping_status":"closed","template":"","meta":[],"product_cat":[217,220,169,170,193,234],"product_tag":[],"_links":{"self":[{"href":"https:\/\/aicotech.com.vn\/en\/wp-json\/wp\/v2\/product\/2847"}],"collection":[{"href":"https:\/\/aicotech.com.vn\/en\/wp-json\/wp\/v2\/product"}],"about":[{"href":"https:\/\/aicotech.com.vn\/en\/wp-json\/wp\/v2\/types\/product"}],"replies":[{"embeddable":true,"href":"https:\/\/aicotech.com.vn\/en\/wp-json\/wp\/v2\/comments?post=2847"}],"wp:featuredmedia":[{"embeddable":true,"href":"https:\/\/aicotech.com.vn\/en\/wp-json\/wp\/v2\/media\/3342"}],"wp:attachment":[{"href":"https:\/\/aicotech.com.vn\/en\/wp-json\/wp\/v2\/media?parent=2847"}],"wp:term":[{"taxonomy":"product_cat","embeddable":true,"href":"https:\/\/aicotech.com.vn\/en\/wp-json\/wp\/v2\/product_cat?post=2847"},{"taxonomy":"product_tag","embeddable":true,"href":"https:\/\/aicotech.com.vn\/en\/wp-json\/wp\/v2\/product_tag?post=2847"}],"curies":[{"name":"wp","href":"https:\/\/api.w.org\/{rel}","templated":true}]}}