{"id":2844,"date":"2020-09-28T14:47:42","date_gmt":"2020-09-28T07:47:42","guid":{"rendered":"https:\/\/aicotech.com.vn\/en\/?post_type=product&#038;p=2844"},"modified":"2020-10-15T14:52:05","modified_gmt":"2020-10-15T07:52:05","slug":"ixw43w-4mp-316l","status":"publish","type":"product","link":"https:\/\/aicotech.com.vn\/en\/product\/ixw43w-4mp-316l\/","title":{"rendered":"IXW43WS 4MP 316L"},"content":{"rendered":"<h4>Camera IP ch\u1ed1ng ch\u00e1y n\u1ed5 4MP, h\u1ed3ng ngo\u1ea1i 30m, t\u00edch h\u1ee3p t\u00ednh n\u0103ng ph\u00e2n t\u00edch th\u00f4ng minh, v\u1ecf che th\u00e9p kh\u00f4ng g\u1ec9 316L, IP68<\/h4>\n","protected":false},"excerpt":{"rendered":"<h3>PIXELab 4MP Explosion-Proof IR Network Camera<\/h3>\n<ul>\n<li>ExdIICT6 \/ DIP A21 TA,<\/li>\n<li>T6 explosion proof rated<\/li>\n<li>120 dB True WDR,<\/li>\n<li>3D-DNR &amp; BLC<\/li>\n<li>Choice of lens: 4, 6, 8, 12 &amp; 16 mm fixed lens<\/li>\n<li>Up to 30m IR Illumination<\/li>\n<li>H.265+. H.265, H.264+, H.264<\/li>\n<li>Three simultaneous video streams<\/li>\n<li>Smart video analytics function<\/li>\n<\/ul>\n","protected":false},"featured_media":3338,"comment_status":"closed","ping_status":"closed","template":"","meta":[],"product_cat":[217,220,169,170,193,234],"product_tag":[],"_links":{"self":[{"href":"https:\/\/aicotech.com.vn\/en\/wp-json\/wp\/v2\/product\/2844"}],"collection":[{"href":"https:\/\/aicotech.com.vn\/en\/wp-json\/wp\/v2\/product"}],"about":[{"href":"https:\/\/aicotech.com.vn\/en\/wp-json\/wp\/v2\/types\/product"}],"replies":[{"embeddable":true,"href":"https:\/\/aicotech.com.vn\/en\/wp-json\/wp\/v2\/comments?post=2844"}],"wp:featuredmedia":[{"embeddable":true,"href":"https:\/\/aicotech.com.vn\/en\/wp-json\/wp\/v2\/media\/3338"}],"wp:attachment":[{"href":"https:\/\/aicotech.com.vn\/en\/wp-json\/wp\/v2\/media?parent=2844"}],"wp:term":[{"taxonomy":"product_cat","embeddable":true,"href":"https:\/\/aicotech.com.vn\/en\/wp-json\/wp\/v2\/product_cat?post=2844"},{"taxonomy":"product_tag","embeddable":true,"href":"https:\/\/aicotech.com.vn\/en\/wp-json\/wp\/v2\/product_tag?post=2844"}],"curies":[{"name":"wp","href":"https:\/\/api.w.org\/{rel}","templated":true}]}}