{"id":2840,"date":"2020-09-28T14:25:35","date_gmt":"2020-09-28T07:25:35","guid":{"rendered":"https:\/\/aicotech.com.vn\/en\/?post_type=product&#038;p=2840"},"modified":"2020-10-15T13:43:17","modified_gmt":"2020-10-15T06:43:17","slug":"ixw23w","status":"publish","type":"product","link":"https:\/\/aicotech.com.vn\/en\/product\/ixw23w\/","title":{"rendered":"IXW23W 2MP 304L"},"content":{"rendered":"<h4>Camera IP ch\u1ed1ng ch\u00e1y n\u1ed5 2MP, h\u1ed3ng ngo\u1ea1i 30m, t\u00edch h\u1ee3p t\u00ednh n\u0103ng ph\u00e2n t\u00edch th\u00f4ng minh, IP68<\/h4>\n","protected":false},"excerpt":{"rendered":"<h3><strong>PIXELab 2MP Explosion-Proof IR Network Camera<\/strong><\/h3>\n<ul>\n<li>ExdIICT6 \/ DIP A21 TA, T6 explosion proof rated<\/li>\n<li>120 dB True WDR, 3D-DNR &amp; BLC<\/li>\n<li>Choice of lens: 4, 6, 8, 12 &amp; 16 mm fixed lens<\/li>\n<li>Up to 30m IR Illumination<\/li>\n<li>H.265+. H.265, H.264+, H.264<\/li>\n<li>Three simultaneous video streams<\/li>\n<li>Smart video analytics function<\/li>\n<\/ul>\n","protected":false},"featured_media":3338,"comment_status":"closed","ping_status":"closed","template":"","meta":[],"product_cat":[217,220,169,170,193,234],"product_tag":[],"_links":{"self":[{"href":"https:\/\/aicotech.com.vn\/en\/wp-json\/wp\/v2\/product\/2840"}],"collection":[{"href":"https:\/\/aicotech.com.vn\/en\/wp-json\/wp\/v2\/product"}],"about":[{"href":"https:\/\/aicotech.com.vn\/en\/wp-json\/wp\/v2\/types\/product"}],"replies":[{"embeddable":true,"href":"https:\/\/aicotech.com.vn\/en\/wp-json\/wp\/v2\/comments?post=2840"}],"wp:featuredmedia":[{"embeddable":true,"href":"https:\/\/aicotech.com.vn\/en\/wp-json\/wp\/v2\/media\/3338"}],"wp:attachment":[{"href":"https:\/\/aicotech.com.vn\/en\/wp-json\/wp\/v2\/media?parent=2840"}],"wp:term":[{"taxonomy":"product_cat","embeddable":true,"href":"https:\/\/aicotech.com.vn\/en\/wp-json\/wp\/v2\/product_cat?post=2840"},{"taxonomy":"product_tag","embeddable":true,"href":"https:\/\/aicotech.com.vn\/en\/wp-json\/wp\/v2\/product_tag?post=2840"}],"curies":[{"name":"wp","href":"https:\/\/api.w.org\/{rel}","templated":true}]}}