{"id":2839,"date":"2020-09-28T14:20:14","date_gmt":"2020-09-28T07:20:14","guid":{"rendered":"https:\/\/aicotech.com.vn\/en\/?post_type=product&#038;p=2839"},"modified":"2020-10-15T13:39:51","modified_gmt":"2020-10-15T06:39:51","slug":"ixvd20ws-2mp-316l","status":"publish","type":"product","link":"https:\/\/aicotech.com.vn\/en\/product\/ixvd20ws-2mp-316l\/","title":{"rendered":"IXVD20WS 2MP 316L"},"content":{"rendered":"<h4>Camera IP b\u00e1n c\u1ea7u ch\u1ed1ng ch\u00e1y n\u1ed5 2MP, t\u00edch h\u1ee3p t\u00ednh n\u0103ng ph\u00e2n t\u00edch h\u00e0nh vi v\u00e0 c\u1ea3nh b\u00e1o th\u00f4ng minh, v\u1ecf che th\u00e9p kh\u00f4ng g\u1ec9 316L, IP68<\/h4>\n","protected":false},"excerpt":{"rendered":"<h3><strong>PIXELab 2MP Explosion-Proof Low Illumination Dome Network Camera<\/strong><\/h3>\n<ul>\n<li>1\/2.8\u2033 Progressive Scan CMOS;<\/li>\n<li>0.003 lux (colour) \/ 0.001 lux (B\/W);<\/li>\n<li>2 mm, 2.8 mm, 4 mm, 6 mm, optional;<\/li>\n<li>1920 \u00d7 1080 resolution;<\/li>\n<li>120dB WDR;<\/li>\n<li>Stainless steel 316L;<\/li>\n<li>IP68;<\/li>\n<li>H.265, H.265+, H.264+, H.264;<\/li>\n<li>Image enhancement: BLC, 3D DNR, HLC, defog, EIS;<\/li>\n<li>Behavior analysis, image exception detection and face detection.<br \/>\nExplosion Proof Rating: IP68;<\/li>\n<li>Ex II 2 G D Ex db IIC T6 Gb\/Ex tb IIIC T80\u2103 Db IP68;<\/li>\n<li>Ex db IIC T6 Gb\/Ex tb IIIC T80\u2103 Db IP68.<\/li>\n<\/ul>\n","protected":false},"featured_media":3337,"comment_status":"closed","ping_status":"closed","template":"","meta":[],"product_cat":[217,220,169,170,193,234],"product_tag":[],"_links":{"self":[{"href":"https:\/\/aicotech.com.vn\/en\/wp-json\/wp\/v2\/product\/2839"}],"collection":[{"href":"https:\/\/aicotech.com.vn\/en\/wp-json\/wp\/v2\/product"}],"about":[{"href":"https:\/\/aicotech.com.vn\/en\/wp-json\/wp\/v2\/types\/product"}],"replies":[{"embeddable":true,"href":"https:\/\/aicotech.com.vn\/en\/wp-json\/wp\/v2\/comments?post=2839"}],"wp:featuredmedia":[{"embeddable":true,"href":"https:\/\/aicotech.com.vn\/en\/wp-json\/wp\/v2\/media\/3337"}],"wp:attachment":[{"href":"https:\/\/aicotech.com.vn\/en\/wp-json\/wp\/v2\/media?parent=2839"}],"wp:term":[{"taxonomy":"product_cat","embeddable":true,"href":"https:\/\/aicotech.com.vn\/en\/wp-json\/wp\/v2\/product_cat?post=2839"},{"taxonomy":"product_tag","embeddable":true,"href":"https:\/\/aicotech.com.vn\/en\/wp-json\/wp\/v2\/product_tag?post=2839"}],"curies":[{"name":"wp","href":"https:\/\/api.w.org\/{rel}","templated":true}]}}