{"id":2835,"date":"2020-09-28T13:32:21","date_gmt":"2020-09-28T06:32:21","guid":{"rendered":"https:\/\/aicotech.com.vn\/en\/?post_type=product&#038;p=2835"},"modified":"2020-10-15T11:29:26","modified_gmt":"2020-10-15T04:29:26","slug":"pvt116-16ch-hd","status":"publish","type":"product","link":"https:\/\/aicotech.com.vn\/en\/product\/pvt116-16ch-hd\/","title":{"rendered":"PVT116 16CH HD"},"content":{"rendered":"<h4>B\u1ed9 truy\u1ec1n ph\u00e1t h\u00ecnh \u1ea3nh 16 k\u00eanh HD v\u00e0 c\u00e1p ngu\u1ed3n qua c\u00e1p m\u1ea1ng UTP<\/h4>\n","protected":false},"excerpt":{"rendered":"<p><strong>16CH HD Video &amp; Power UTP Transceiver<br \/>\n<\/strong>\u2022 Transfer video and power signal via single CAT5\/5e\/6 cable<br \/>\n\u2022 Passive video transmission solution<br \/>\n\u2022 Max. 300m transmission distance<br \/>\n\u2022 HDCVI, HDTVI, AHD, CVBS signals 4in1 full compatible design;<br \/>\n\u2022 Output steadying power 12W at camera side<br \/>\n\u2022 Short-circuit, over-current, over-temperature protection and over<br \/>\ncurrent abnormity LED indication<br \/>\n\u2022 Superior surge immunity, ESD protection<\/p>\n","protected":false},"featured_media":3332,"comment_status":"closed","ping_status":"closed","template":"","meta":[],"product_cat":[217,220,169,171,172,233],"product_tag":[],"_links":{"self":[{"href":"https:\/\/aicotech.com.vn\/en\/wp-json\/wp\/v2\/product\/2835"}],"collection":[{"href":"https:\/\/aicotech.com.vn\/en\/wp-json\/wp\/v2\/product"}],"about":[{"href":"https:\/\/aicotech.com.vn\/en\/wp-json\/wp\/v2\/types\/product"}],"replies":[{"embeddable":true,"href":"https:\/\/aicotech.com.vn\/en\/wp-json\/wp\/v2\/comments?post=2835"}],"wp:featuredmedia":[{"embeddable":true,"href":"https:\/\/aicotech.com.vn\/en\/wp-json\/wp\/v2\/media\/3332"}],"wp:attachment":[{"href":"https:\/\/aicotech.com.vn\/en\/wp-json\/wp\/v2\/media?parent=2835"}],"wp:term":[{"taxonomy":"product_cat","embeddable":true,"href":"https:\/\/aicotech.com.vn\/en\/wp-json\/wp\/v2\/product_cat?post=2835"},{"taxonomy":"product_tag","embeddable":true,"href":"https:\/\/aicotech.com.vn\/en\/wp-json\/wp\/v2\/product_tag?post=2835"}],"curies":[{"name":"wp","href":"https:\/\/api.w.org\/{rel}","templated":true}]}}